{"id":437,"date":"2021-04-14T10:37:03","date_gmt":"2021-04-14T08:37:03","guid":{"rendered":"http:\/\/cbt.dyndns.org\/federicoboscolo\/?page_id=437"},"modified":"2024-05-27T09:19:15","modified_gmt":"2024-05-27T07:19:15","slug":"informatica","status":"publish","type":"page","link":"https:\/\/www.federicoboscolo.it\/index.php\/informatica\/","title":{"rendered":"INFORMATICA"},"content":{"rendered":"\n<p>Come anticipato nella sezione competenze, sia per esigenze di libero professionista che di &#8220;curiosit\u00e0&#8221; informatica, avevo deciso di acquistare un server HP ML10v2 e provare a gestire in completa autonomia tutte le attivit\u00e0 principali (creare un dominio, effettuare il backup dei PC casalinghi automaticamente schedulandoli, gestire i permessi di accesso alle cartelle,&#8230;). Avendo successivamente necessit\u00e0 di realizzare un database, ho implementato una macchina virtuale basata su Ubuntu Server tramite Hyper-V dove, tramite LAMP, \u00e8 stato creato il database su MySQL. All&#8217;interno della macchina virtuale \u00e8 stata poi gestita la pubblicazione sul web di questo stesso sito realizzato in WordPress e uno spazio cloud tramite installazione e configurazione di NextCloud.<\/p>\n\n\n\n<figure class=\"wp-block-image size-full\"><img fetchpriority=\"high\" decoding=\"async\" width=\"1903\" height=\"966\" src=\"https:\/\/www.federicoboscolo.it\/wp-content\/uploads\/2020\/11\/Screenshot_2020-11-23-Apache2-Ubuntu-Default-Page-It-works.png\" alt=\"\" class=\"wp-image-59\" srcset=\"https:\/\/www.federicoboscolo.it\/wp-content\/uploads\/2020\/11\/Screenshot_2020-11-23-Apache2-Ubuntu-Default-Page-It-works.png 1903w, https:\/\/www.federicoboscolo.it\/wp-content\/uploads\/2020\/11\/Screenshot_2020-11-23-Apache2-Ubuntu-Default-Page-It-works-600x305.png 600w\" sizes=\"(max-width: 1903px) 100vw, 1903px\" \/><\/figure>\n\n\n\n<figure class=\"wp-block-gallery has-nested-images columns-default is-cropped wp-block-gallery-1 is-layout-flex wp-block-gallery-is-layout-flex\"><\/figure>\n\n\n\n<p>Non contento di ci\u00f2, il server \u00e8 stato rivoluzionato e attualmente \u00e8 configurato con ESXi come virtualizzatore e con sopra le macchine virtuali di &#8220;produzione&#8221; (come ad esempio Archimede che ospita questo sito web), quelle di test (come ad esempio Caronte che attualmente \u00e8 spenta perch\u00e8 non utilizzata) e quelle casalinghe (Come Virgilio che \u00e8 un media server)<\/p>\n\n\n\n<figure class=\"wp-block-image size-large\"><img decoding=\"async\" width=\"1024\" height=\"469\" src=\"https:\/\/www.federicoboscolo.it\/wp-content\/uploads\/2022\/05\/immagine-1024x469.png\" alt=\"\" class=\"wp-image-1296\" srcset=\"https:\/\/www.federicoboscolo.it\/wp-content\/uploads\/2022\/05\/immagine-1024x469.png 1024w, https:\/\/www.federicoboscolo.it\/wp-content\/uploads\/2022\/05\/immagine-300x137.png 300w, https:\/\/www.federicoboscolo.it\/wp-content\/uploads\/2022\/05\/immagine-768x352.png 768w, https:\/\/www.federicoboscolo.it\/wp-content\/uploads\/2022\/05\/immagine-1536x703.png 1536w, https:\/\/www.federicoboscolo.it\/wp-content\/uploads\/2022\/05\/immagine-600x275.png 600w, https:\/\/www.federicoboscolo.it\/wp-content\/uploads\/2022\/05\/immagine-190x87.png 190w, https:\/\/www.federicoboscolo.it\/wp-content\/uploads\/2022\/05\/immagine-197x90.png 197w, https:\/\/www.federicoboscolo.it\/wp-content\/uploads\/2022\/05\/immagine.png 1920w\" sizes=\"(max-width: 1024px) 100vw, 1024px\" \/><\/figure>\n\n\n\n<p>Nelle aree presenti nel sottomen\u00f9 trovate le installazioni (sempre su questo server) con le principali applicazioni su cui mi sono focalizzato per cercare di trovare soluzioni alle problematiche che si incontrano sul lavoro o nelle altre mie attivit\u00e0 di volontariato.<\/p>\n","protected":false},"excerpt":{"rendered":"<p>Come anticipato nella sezione competenze, sia per esigenze di libero professionista che di &#8220;curiosit\u00e0&#8221; informatica, avevo deciso di acquistare un server HP ML10v2 e provare a gestire in completa autonomia tutte le attivit\u00e0 principali (creare un dominio, effettuare il backup dei PC casalinghi automaticamente schedulandoli, gestire i permessi di accesso alle cartelle,&#8230;). Avendo successivamente necessit\u00e0 [&hellip;]<\/p>\n","protected":false},"author":2,"featured_media":0,"parent":0,"menu_order":0,"comment_status":"closed","ping_status":"closed","template":"","meta":{"ngg_post_thumbnail":0,"footnotes":""},"class_list":["post-437","page","type-page","status-publish","hentry"],"_links":{"self":[{"href":"https:\/\/www.federicoboscolo.it\/index.php\/wp-json\/wp\/v2\/pages\/437","targetHints":{"allow":["GET"]}}],"collection":[{"href":"https:\/\/www.federicoboscolo.it\/index.php\/wp-json\/wp\/v2\/pages"}],"about":[{"href":"https:\/\/www.federicoboscolo.it\/index.php\/wp-json\/wp\/v2\/types\/page"}],"author":[{"embeddable":true,"href":"https:\/\/www.federicoboscolo.it\/index.php\/wp-json\/wp\/v2\/users\/2"}],"replies":[{"embeddable":true,"href":"https:\/\/www.federicoboscolo.it\/index.php\/wp-json\/wp\/v2\/comments?post=437"}],"version-history":[{"count":5,"href":"https:\/\/www.federicoboscolo.it\/index.php\/wp-json\/wp\/v2\/pages\/437\/revisions"}],"predecessor-version":[{"id":3350,"href":"https:\/\/www.federicoboscolo.it\/index.php\/wp-json\/wp\/v2\/pages\/437\/revisions\/3350"}],"wp:attachment":[{"href":"https:\/\/www.federicoboscolo.it\/index.php\/wp-json\/wp\/v2\/media?parent=437"}],"curies":[{"name":"wp","href":"https:\/\/api.w.org\/{rel}","templated":true}]}}