{"id":99,"date":"2021-03-07T19:11:56","date_gmt":"2021-03-07T18:11:56","guid":{"rendered":"http:\/\/cbt.dyndns.org\/federicoboscolo\/?page_id=99"},"modified":"2024-05-18T15:41:21","modified_gmt":"2024-05-18T13:41:21","slug":"home","status":"publish","type":"page","link":"https:\/\/www.federicoboscolo.it\/","title":{"rendered":"HOME"},"content":{"rendered":"\n<p>Ciao a tutti, sono Federico Boscolo e questo \u00e8 il mio sito web personale.<\/p>\n\n\n\n<p>Sono una persona molto motivata e curiosa laureata in Ingegneria Meccanica e iscritta all&#8217;ordine professionale. Il mio obiettivo \u00e8 quello di continuare a crescere come professionista e puntare a una conoscenza pi\u00f9 ampia per acquisire nuove abilit\u00e0 e competenze.<br>In un modo lavorativo in rapida evoluzione come quello attuale credo che la flessibilit\u00e0, l&#8217;adattabilit\u00e0 al cambiamento e l&#8217;apprendimento continuo siano fondamentali non solo per essere competitivi a livello personale ma anche per migliorare  lo sviluppo personale e la competitivit\u00e0 dell&#8217;organizzazione che rappresento attraverso il mio lavoro.<\/p>\n\n\n\n<p>Questo progetto \u00e8 nato nel 2019 durante la pandemia, nel periodo di lockdown, direttamente sul server di casa mia per approfondire le mie conoscenze informatiche.<\/p>\n\n\n\n<p>All&#8217;interno del sito troverete il mio Curriculum Vitae, delle gallery fotografiche e il blog con qualche articolo che spero possa interessare i visitatori. Quando passi da questo sito, fermati qualche secondo e firma il <a href=\"https:\/\/www.federicoboscolo.it\/index.php\/guestbook\/\" target=\"_blank\" rel=\"noreferrer noopener\">guestbook<\/a>. Buona navigazione!<\/p>\n\n\n<div class=\"wp-block-image\">\n<figure class=\"alignright size-full is-resized\"><img fetchpriority=\"high\" decoding=\"async\" width=\"757\" height=\"173\" src=\"https:\/\/www.federicoboscolo.it\/wp-content\/uploads\/2024\/05\/image.png\" alt=\"\" class=\"wp-image-3338\" style=\"width:254px;height:auto\" srcset=\"https:\/\/www.federicoboscolo.it\/wp-content\/uploads\/2024\/05\/image.png 757w, https:\/\/www.federicoboscolo.it\/wp-content\/uploads\/2024\/05\/image-300x69.png 300w, https:\/\/www.federicoboscolo.it\/wp-content\/uploads\/2024\/05\/image-600x137.png 600w\" sizes=\"(max-width: 757px) 100vw, 757px\" \/><\/figure><\/div>\n\n<div class=\"wp-block-image is-style-rounded\">\n<figure class=\"aligncenter size-large is-resized\"><img decoding=\"async\" width=\"1024\" height=\"461\" src=\"https:\/\/www.federicoboscolo.it\/wp-content\/uploads\/2022\/07\/20220703_130925-1024x461.jpg\" alt=\"\" class=\"wp-image-1532\" style=\"width:614px;height:276px\" srcset=\"https:\/\/www.federicoboscolo.it\/wp-content\/uploads\/2022\/07\/20220703_130925-1024x461.jpg 1024w, https:\/\/www.federicoboscolo.it\/wp-content\/uploads\/2022\/07\/20220703_130925-300x135.jpg 300w, https:\/\/www.federicoboscolo.it\/wp-content\/uploads\/2022\/07\/20220703_130925-768x346.jpg 768w, https:\/\/www.federicoboscolo.it\/wp-content\/uploads\/2022\/07\/20220703_130925-1536x692.jpg 1536w, https:\/\/www.federicoboscolo.it\/wp-content\/uploads\/2022\/07\/20220703_130925-2048x922.jpg 2048w, https:\/\/www.federicoboscolo.it\/wp-content\/uploads\/2022\/07\/20220703_130925-600x270.jpg 600w, https:\/\/www.federicoboscolo.it\/wp-content\/uploads\/2022\/07\/20220703_130925-190x86.jpg 190w, https:\/\/www.federicoboscolo.it\/wp-content\/uploads\/2022\/07\/20220703_130925-200x90.jpg 200w\" sizes=\"(max-width: 1024px) 100vw, 1024px\" \/><\/figure><\/div>","protected":false},"excerpt":{"rendered":"<p>Ciao a tutti, sono Federico Boscolo e questo \u00e8 il mio sito web personale. Sono una persona molto motivata e curiosa laureata in Ingegneria Meccanica e iscritta all&#8217;ordine professionale. Il mio obiettivo \u00e8 quello di continuare a crescere come professionista e puntare a una conoscenza pi\u00f9 ampia per acquisire nuove abilit\u00e0 e competenze.In un modo [&hellip;]<\/p>\n","protected":false},"author":2,"featured_media":0,"parent":0,"menu_order":0,"comment_status":"closed","ping_status":"closed","template":"","meta":{"ngg_post_thumbnail":0,"footnotes":""},"class_list":["post-99","page","type-page","status-publish","hentry"],"_links":{"self":[{"href":"https:\/\/www.federicoboscolo.it\/index.php\/wp-json\/wp\/v2\/pages\/99","targetHints":{"allow":["GET"]}}],"collection":[{"href":"https:\/\/www.federicoboscolo.it\/index.php\/wp-json\/wp\/v2\/pages"}],"about":[{"href":"https:\/\/www.federicoboscolo.it\/index.php\/wp-json\/wp\/v2\/types\/page"}],"author":[{"embeddable":true,"href":"https:\/\/www.federicoboscolo.it\/index.php\/wp-json\/wp\/v2\/users\/2"}],"replies":[{"embeddable":true,"href":"https:\/\/www.federicoboscolo.it\/index.php\/wp-json\/wp\/v2\/comments?post=99"}],"version-history":[{"count":9,"href":"https:\/\/www.federicoboscolo.it\/index.php\/wp-json\/wp\/v2\/pages\/99\/revisions"}],"predecessor-version":[{"id":3340,"href":"https:\/\/www.federicoboscolo.it\/index.php\/wp-json\/wp\/v2\/pages\/99\/revisions\/3340"}],"wp:attachment":[{"href":"https:\/\/www.federicoboscolo.it\/index.php\/wp-json\/wp\/v2\/media?parent=99"}],"curies":[{"name":"wp","href":"https:\/\/api.w.org\/{rel}","templated":true}]}}